{"id":1078,"date":"2018-11-27T09:16:54","date_gmt":"2018-11-27T14:16:54","guid":{"rendered":"https:\/\/ecuriebelair.com\/home\/"},"modified":"2026-03-11T14:20:55","modified_gmt":"2026-03-11T18:20:55","slug":"home","status":"publish","type":"page","link":"https:\/\/ecuriebelair.com\/en\/","title":{"rendered":"Home"},"content":{"rendered":"\t\t<div data-elementor-type=\"wp-page\" data-elementor-id=\"1078\" class=\"elementor elementor-1078 elementor-4\" data-elementor-post-type=\"page\">\n\t\t\t\t<div class=\"elementor-element elementor-element-1ec197b e-flex e-con-boxed e-con e-parent\" data-id=\"1ec197b\" data-element_type=\"container\" data-e-type=\"container\" data-settings=\"{&quot;background_background&quot;:&quot;classic&quot;}\">\n\t\t\t\t\t<div class=\"e-con-inner\">\n\t\t<div class=\"elementor-element elementor-element-127b976 e-con-full e-flex e-con e-child\" data-id=\"127b976\" data-element_type=\"container\" data-e-type=\"container\">\n\t\t\t\t<div class=\"elementor-element elementor-element-fdd43de elementor-widget elementor-widget-heading\" data-id=\"fdd43de\" data-element_type=\"widget\" data-e-type=\"widget\" data-widget_type=\"heading.default\">\n\t\t\t\t<div class=\"elementor-widget-container\">\n\t\t\t\t\t<h3 class=\"elementor-heading-title elementor-size-default\">The first Paddock Paradise 5 minutes from Quebec City Airport.<\/h3>\t\t\t\t<\/div>\n\t\t\t\t<\/div>\n\t\t\t\t<div class=\"elementor-element elementor-element-4d71774 elementor-widget-divider--view-line elementor-widget elementor-widget-divider\" data-id=\"4d71774\" data-element_type=\"widget\" data-e-type=\"widget\" data-widget_type=\"divider.default\">\n\t\t\t\t<div class=\"elementor-widget-container\">\n\t\t\t\t\t\t\t<div class=\"elementor-divider\">\n\t\t\t<span class=\"elementor-divider-separator\">\n\t\t\t\t\t\t<\/span>\n\t\t<\/div>\n\t\t\t\t\t\t<\/div>\n\t\t\t\t<\/div>\n\t\t\t\t<div class=\"elementor-element elementor-element-c3d094e elementor-widget elementor-widget-heading\" data-id=\"c3d094e\" data-element_type=\"widget\" data-e-type=\"widget\" data-widget_type=\"heading.default\">\n\t\t\t\t<div class=\"elementor-widget-container\">\n\t\t\t\t\t<h1 class=\"elementor-heading-title elementor-size-default\">Redefining wellness through natural lifestyle.<\/h1>\t\t\t\t<\/div>\n\t\t\t\t<\/div>\n\t\t\t\t<div class=\"elementor-element elementor-element-d8456aa elementor-align-center elementor-widget elementor-widget-button\" data-id=\"d8456aa\" data-element_type=\"widget\" data-e-type=\"widget\" data-widget_type=\"button.default\">\n\t\t\t\t<div class=\"elementor-widget-container\">\n\t\t\t\t\t\t\t\t\t<div class=\"elementor-button-wrapper\">\n\t\t\t\t\t<a class=\"elementor-button elementor-button-link elementor-size-sm\" href=\"https:\/\/ecuriebelair.com\/en\/contact-us\/\">\n\t\t\t\t\t\t<span class=\"elementor-button-content-wrapper\">\n\t\t\t\t\t\t<span class=\"elementor-button-icon\">\n\t\t\t\t<svg aria-hidden=\"true\" class=\"e-font-icon-svg e-fas-arrow-right\" viewBox=\"0 0 448 512\" xmlns=\"http:\/\/www.w3.org\/2000\/svg\"><path d=\"M190.5 66.9l22.2-22.2c9.4-9.4 24.6-9.4 33.9 0L441 239c9.4 9.4 9.4 24.6 0 33.9L246.6 467.3c-9.4 9.4-24.6 9.4-33.9 0l-22.2-22.2c-9.5-9.5-9.3-25 .4-34.3L311.4 296H24c-13.3 0-24-10.7-24-24v-32c0-13.3 10.7-24 24-24h287.4L190.9 101.2c-9.8-9.3-10-24.8-.4-34.3z\"><\/path><\/svg>\t\t\t<\/span>\n\t\t\t\t\t\t\t\t\t<span class=\"elementor-button-text\">Come meet us<\/span>\n\t\t\t\t\t<\/span>\n\t\t\t\t\t<\/a>\n\t\t\t\t<\/div>\n\t\t\t\t\t\t\t\t<\/div>\n\t\t\t\t<\/div>\n\t\t\t\t<\/div>\n\t\t\t\t\t<\/div>\n\t\t\t\t<\/div>\n\t\t<div class=\"elementor-element elementor-element-8afd2be e-flex e-con-boxed e-con e-parent\" data-id=\"8afd2be\" data-element_type=\"container\" data-e-type=\"container\">\n\t\t\t\t\t<div class=\"e-con-inner\">\n\t\t<div class=\"elementor-element elementor-element-1589ce7 e-con-full e-flex e-con e-child\" data-id=\"1589ce7\" data-element_type=\"container\" data-e-type=\"container\">\n\t\t\t\t<div class=\"elementor-element elementor-element-394ad74 elementor-widget elementor-widget-heading\" data-id=\"394ad74\" data-element_type=\"widget\" data-e-type=\"widget\" data-widget_type=\"heading.default\">\n\t\t\t\t<div class=\"elementor-widget-container\">\n\t\t\t\t\t<h2 class=\"elementor-heading-title elementor-size-default\">Welcome to the stable of tomorrow.<\/h2>\t\t\t\t<\/div>\n\t\t\t\t<\/div>\n\t\t\t\t<div class=\"elementor-element elementor-element-3284743 elementor-widget elementor-widget-text-editor\" data-id=\"3284743\" data-element_type=\"widget\" data-e-type=\"widget\" data-widget_type=\"text-editor.default\">\n\t\t\t\t<div class=\"elementor-widget-container\">\n\t\t\t\t\t\t\t\t\t<p>Located on the North Shore of Quebec City, \u00c9curie Bel-Air is transitioning toward an <strong>active boarding model inspired by Paddock Paradise<\/strong>. Our mission is simple: to offer an environment where horses can move, socialize, and thrive on designed tracks, while enjoying our quality facilities (outdoor arena, round pen, and direct trail access). <\/p>\t\t\t\t\t\t\t\t<\/div>\n\t\t\t\t<\/div>\n\t\t\t\t<div class=\"elementor-element elementor-element-659ec8d elementor-widget-divider--view-line elementor-widget elementor-widget-divider\" data-id=\"659ec8d\" data-element_type=\"widget\" data-e-type=\"widget\" data-widget_type=\"divider.default\">\n\t\t\t\t<div class=\"elementor-widget-container\">\n\t\t\t\t\t\t\t<div class=\"elementor-divider\">\n\t\t\t<span class=\"elementor-divider-separator\">\n\t\t\t\t\t\t<\/span>\n\t\t<\/div>\n\t\t\t\t\t\t<\/div>\n\t\t\t\t<\/div>\n\t\t<div class=\"elementor-element elementor-element-773fc64 e-con-full e-flex e-con e-child\" data-id=\"773fc64\" data-element_type=\"container\" data-e-type=\"container\">\n\t\t<div class=\"elementor-element elementor-element-134e740 e-con-full e-flex e-con e-child\" data-id=\"134e740\" data-element_type=\"container\" data-e-type=\"container\">\n\t\t\t\t<div class=\"elementor-element elementor-element-986b73f elementor-widget elementor-widget-image\" data-id=\"986b73f\" data-element_type=\"widget\" data-e-type=\"widget\" data-widget_type=\"image.default\">\n\t\t\t\t<div class=\"elementor-widget-container\">\n\t\t\t\t\t\t\t\t\t\t\t\t\t\t\t<img fetchpriority=\"high\" decoding=\"async\" width=\"2520\" height=\"1680\" src=\"https:\/\/ecuriebelair.com\/wp-content\/uploads\/2022\/12\/OY_8469.webp\" class=\"attachment-full size-full wp-image-1052\" alt=\"Two horses walking with their owners along the paddocks.\" srcset=\"https:\/\/ecuriebelair.com\/wp-content\/uploads\/2022\/12\/OY_8469.webp 2520w, https:\/\/ecuriebelair.com\/wp-content\/uploads\/2022\/12\/OY_8469-300x200.webp 300w, https:\/\/ecuriebelair.com\/wp-content\/uploads\/2022\/12\/OY_8469-1024x683.webp 1024w, https:\/\/ecuriebelair.com\/wp-content\/uploads\/2022\/12\/OY_8469-768x512.webp 768w, https:\/\/ecuriebelair.com\/wp-content\/uploads\/2022\/12\/OY_8469-1536x1024.webp 1536w, https:\/\/ecuriebelair.com\/wp-content\/uploads\/2022\/12\/OY_8469-2048x1365.webp 2048w\" sizes=\"(max-width: 2520px) 100vw, 2520px\" \/>\t\t\t\t\t\t\t\t\t\t\t\t\t\t\t<\/div>\n\t\t\t\t<\/div>\n\t\t\t\t<\/div>\n\t\t<div class=\"elementor-element elementor-element-90de58b e-con-full e-flex e-con e-child\" data-id=\"90de58b\" data-element_type=\"container\" data-e-type=\"container\">\n\t\t\t\t<div class=\"elementor-element elementor-element-129c8f9 elementor-widget elementor-widget-image-box\" data-id=\"129c8f9\" data-element_type=\"widget\" data-e-type=\"widget\" data-widget_type=\"image-box.default\">\n\t\t\t\t<div class=\"elementor-widget-container\">\n\t\t\t\t\t<div class=\"elementor-image-box-wrapper\"><div class=\"elementor-image-box-content\"><h3 class=\"elementor-image-box-title\">Support Facilities<\/h3><p class=\"elementor-image-box-description\">Our indoor facilities are now exclusively dedicated to the safe transition of new herd members, therapeutic care, or temporary medical needs.<\/p><\/div><\/div>\t\t\t\t<\/div>\n\t\t\t\t<\/div>\n\t\t\t\t<div class=\"elementor-element elementor-element-4866411 elementor-widget elementor-widget-image\" data-id=\"4866411\" data-element_type=\"widget\" data-e-type=\"widget\" data-widget_type=\"image.default\">\n\t\t\t\t<div class=\"elementor-widget-container\">\n\t\t\t\t\t\t\t\t\t\t\t\t\t\t\t<img decoding=\"async\" width=\"1200\" height=\"800\" src=\"https:\/\/ecuriebelair.com\/wp-content\/uploads\/2022\/12\/OY_8711-1.webp\" class=\"attachment-full size-full wp-image-604\" alt=\"Boxe int\u00e9rieur propre \u00e0 l&#039;\u00c9curie Bel-Air, offrant un espace s\u00fbr pour les chevaux\" srcset=\"https:\/\/ecuriebelair.com\/wp-content\/uploads\/2022\/12\/OY_8711-1.webp 1200w, https:\/\/ecuriebelair.com\/wp-content\/uploads\/2022\/12\/OY_8711-1-300x200.webp 300w, https:\/\/ecuriebelair.com\/wp-content\/uploads\/2022\/12\/OY_8711-1-1024x683.webp 1024w, https:\/\/ecuriebelair.com\/wp-content\/uploads\/2022\/12\/OY_8711-1-768x512.webp 768w\" sizes=\"(max-width: 1200px) 100vw, 1200px\" \/>\t\t\t\t\t\t\t\t\t\t\t\t\t\t\t<\/div>\n\t\t\t\t<\/div>\n\t\t\t\t<\/div>\n\t\t<div class=\"elementor-element elementor-element-3382fef e-con-full e-flex e-con e-child\" data-id=\"3382fef\" data-element_type=\"container\" data-e-type=\"container\">\n\t\t\t\t<div class=\"elementor-element elementor-element-53f47fb elementor-widget elementor-widget-image-box\" data-id=\"53f47fb\" data-element_type=\"widget\" data-e-type=\"widget\" data-widget_type=\"image-box.default\">\n\t\t\t\t<div class=\"elementor-widget-container\">\n\t\t\t\t\t<div class=\"elementor-image-box-wrapper\"><div class=\"elementor-image-box-content\"><h3 class=\"elementor-image-box-title\">One standard of care: Life in motion.<\/h3><p class=\"elementor-image-box-description\">At \u00c9curie Bel-Air, we have chosen to no longer divide our care standards. We believe that herd life on a track system is the only option that respects the horse's physical and mental integrity. Our unique boarding experience offers 24\/7 access to a designed track, stimulating natural movement, socialization, and digestive health.  <\/p><\/div><\/div>\t\t\t\t<\/div>\n\t\t\t\t<\/div>\n\t\t\t\t<div class=\"elementor-element elementor-element-9e834ca elementor-align-center elementor-widget elementor-widget-button\" data-id=\"9e834ca\" data-element_type=\"widget\" data-e-type=\"widget\" data-widget_type=\"button.default\">\n\t\t\t\t<div class=\"elementor-widget-container\">\n\t\t\t\t\t\t\t\t\t<div class=\"elementor-button-wrapper\">\n\t\t\t\t\t<a class=\"elementor-button elementor-button-link elementor-size-sm\" href=\"http:\/\/ecuriebelair.com\/pensions-et-services\/\">\n\t\t\t\t\t\t<span class=\"elementor-button-content-wrapper\">\n\t\t\t\t\t\t<span class=\"elementor-button-icon\">\n\t\t\t\t<svg aria-hidden=\"true\" class=\"e-font-icon-svg e-fas-long-arrow-alt-right\" viewBox=\"0 0 448 512\" xmlns=\"http:\/\/www.w3.org\/2000\/svg\"><path d=\"M313.941 216H12c-6.627 0-12 5.373-12 12v56c0 6.627 5.373 12 12 12h301.941v46.059c0 21.382 25.851 32.09 40.971 16.971l86.059-86.059c9.373-9.373 9.373-24.569 0-33.941l-86.059-86.059c-15.119-15.119-40.971-4.411-40.971 16.971V216z\"><\/path><\/svg>\t\t\t<\/span>\n\t\t\t\t\t\t\t\t\t<span class=\"elementor-button-text\">Learn more<\/span>\n\t\t\t\t\t<\/span>\n\t\t\t\t\t<\/a>\n\t\t\t\t<\/div>\n\t\t\t\t\t\t\t\t<\/div>\n\t\t\t\t<\/div>\n\t\t\t\t<\/div>\n\t\t\t\t<\/div>\n\t\t\t\t<\/div>\n\t\t\t\t\t<\/div>\n\t\t\t\t<\/div>\n\t\t<div class=\"elementor-element elementor-element-14c5ec1 e-flex e-con-boxed e-con e-parent\" data-id=\"14c5ec1\" data-element_type=\"container\" data-e-type=\"container\" data-settings=\"{&quot;background_background&quot;:&quot;classic&quot;}\">\n\t\t\t\t\t<div class=\"e-con-inner\">\n\t\t<div class=\"elementor-element elementor-element-19a8410 e-con-full e-flex e-con e-child\" data-id=\"19a8410\" data-element_type=\"container\" data-e-type=\"container\">\n\t\t\t\t<div class=\"elementor-element elementor-element-d9fc43a elementor-widget elementor-widget-heading\" data-id=\"d9fc43a\" data-element_type=\"widget\" data-e-type=\"widget\" data-widget_type=\"heading.default\">\n\t\t\t\t<div class=\"elementor-widget-container\">\n\t\t\t\t\t<h2 class=\"elementor-heading-title elementor-size-default\">Movement is health.<\/h2>\t\t\t\t<\/div>\n\t\t\t\t<\/div>\n\t\t\t\t<div class=\"elementor-element elementor-element-e3918e4 elementor-widget-divider--view-line elementor-widget elementor-widget-divider\" data-id=\"e3918e4\" data-element_type=\"widget\" data-e-type=\"widget\" data-widget_type=\"divider.default\">\n\t\t\t\t<div class=\"elementor-widget-container\">\n\t\t\t\t\t\t\t<div class=\"elementor-divider\">\n\t\t\t<span class=\"elementor-divider-separator\">\n\t\t\t\t\t\t<\/span>\n\t\t<\/div>\n\t\t\t\t\t\t<\/div>\n\t\t\t\t<\/div>\n\t\t\t\t<div class=\"elementor-element elementor-element-c30e9df elementor-widget elementor-widget-text-editor\" data-id=\"c30e9df\" data-element_type=\"widget\" data-e-type=\"widget\" data-widget_type=\"text-editor.default\">\n\t\t\t\t<div class=\"elementor-widget-container\">\n\t\t\t\t\t\t\t\t\t<p>The Paddock Paradise concept does more than offer a paddock; it stimulates the horse&#8217;s natural instincts. Less stagnation in a stall means stronger hooves, better digestion, and an unshakeable spirit. This is our commitment to equine excellence.  <\/p>\t\t\t\t\t\t\t\t<\/div>\n\t\t\t\t<\/div>\n\t\t\t\t<div class=\"elementor-element elementor-element-ab2c831 elementor-align-left elementor-mobile-align-center elementor-widget elementor-widget-button\" data-id=\"ab2c831\" data-element_type=\"widget\" data-e-type=\"widget\" data-widget_type=\"button.default\">\n\t\t\t\t<div class=\"elementor-widget-container\">\n\t\t\t\t\t\t\t\t\t<div class=\"elementor-button-wrapper\">\n\t\t\t\t\t<a class=\"elementor-button elementor-button-link elementor-size-sm\" href=\"https:\/\/ecuriebelair.com\/en\/about-us\/\">\n\t\t\t\t\t\t<span class=\"elementor-button-content-wrapper\">\n\t\t\t\t\t\t<span class=\"elementor-button-icon\">\n\t\t\t\t<svg aria-hidden=\"true\" class=\"e-font-icon-svg e-fas-long-arrow-alt-right\" viewBox=\"0 0 448 512\" xmlns=\"http:\/\/www.w3.org\/2000\/svg\"><path d=\"M313.941 216H12c-6.627 0-12 5.373-12 12v56c0 6.627 5.373 12 12 12h301.941v46.059c0 21.382 25.851 32.09 40.971 16.971l86.059-86.059c9.373-9.373 9.373-24.569 0-33.941l-86.059-86.059c-15.119-15.119-40.971-4.411-40.971 16.971V216z\"><\/path><\/svg>\t\t\t<\/span>\n\t\t\t\t\t\t\t\t\t<span class=\"elementor-button-text\">Who are we?<\/span>\n\t\t\t\t\t<\/span>\n\t\t\t\t\t<\/a>\n\t\t\t\t<\/div>\n\t\t\t\t\t\t\t\t<\/div>\n\t\t\t\t<\/div>\n\t\t\t\t<\/div>\n\t\t\t\t\t<\/div>\n\t\t\t\t<\/div>\n\t\t<div class=\"elementor-element elementor-element-646c63a e-flex e-con-boxed e-con e-parent\" data-id=\"646c63a\" data-element_type=\"container\" data-e-type=\"container\">\n\t\t\t\t\t<div class=\"e-con-inner\">\n\t\t<div class=\"elementor-element elementor-element-77a7d81 e-con-full e-flex e-con e-child\" data-id=\"77a7d81\" data-element_type=\"container\" data-e-type=\"container\">\n\t\t\t\t<div class=\"elementor-element elementor-element-cf3465b elementor-widget elementor-widget-heading\" data-id=\"cf3465b\" data-element_type=\"widget\" data-e-type=\"widget\" data-widget_type=\"heading.default\">\n\t\t\t\t<div class=\"elementor-widget-container\">\n\t\t\t\t\t<h2 class=\"elementor-heading-title elementor-size-default\">A living project: Our first track.<\/h2>\t\t\t\t<\/div>\n\t\t\t\t<\/div>\n\t\t\t\t<div class=\"elementor-element elementor-element-0e0a988 elementor-widget-divider--view-line elementor-widget elementor-widget-divider\" data-id=\"0e0a988\" data-element_type=\"widget\" data-e-type=\"widget\" data-widget_type=\"divider.default\">\n\t\t\t\t<div class=\"elementor-widget-container\">\n\t\t\t\t\t\t\t<div class=\"elementor-divider\">\n\t\t\t<span class=\"elementor-divider-separator\">\n\t\t\t\t\t\t<\/span>\n\t\t<\/div>\n\t\t\t\t\t\t<\/div>\n\t\t\t\t<\/div>\n\t\t\t\t<div class=\"elementor-element elementor-element-2cac0be elementor-widget elementor-widget-text-editor\" data-id=\"2cac0be\" data-element_type=\"widget\" data-e-type=\"widget\" data-widget_type=\"text-editor.default\">\n\t\t\t\t<div class=\"elementor-widget-container\">\n\t\t\t\t\t\t\t\t\t<p>Last November, we inaugurated our first track system (Paddock Paradise). While the Quebec winter teaches us daily how to perfect our layout, the results on the horses&#8217; morale are already visible.  <strong>We are building the future, and we need passionate people to help us.<\/strong><\/p>\t\t\t\t\t\t\t\t<\/div>\n\t\t\t\t<\/div>\n\t\t\t\t<div class=\"elementor-element elementor-element-2d546a1 elementor-align-left elementor-mobile-align-center elementor-widget elementor-widget-button\" data-id=\"2d546a1\" data-element_type=\"widget\" data-e-type=\"widget\" data-widget_type=\"button.default\">\n\t\t\t\t<div class=\"elementor-widget-container\">\n\t\t\t\t\t\t\t\t\t<div class=\"elementor-button-wrapper\">\n\t\t\t\t\t<a class=\"elementor-button elementor-button-link elementor-size-sm\" href=\"https:\/\/ecuriebelair.com\/en\/join-our-team\/\">\n\t\t\t\t\t\t<span class=\"elementor-button-content-wrapper\">\n\t\t\t\t\t\t<span class=\"elementor-button-icon\">\n\t\t\t\t<svg aria-hidden=\"true\" class=\"e-font-icon-svg e-fas-long-arrow-alt-right\" viewBox=\"0 0 448 512\" xmlns=\"http:\/\/www.w3.org\/2000\/svg\"><path d=\"M313.941 216H12c-6.627 0-12 5.373-12 12v56c0 6.627 5.373 12 12 12h301.941v46.059c0 21.382 25.851 32.09 40.971 16.971l86.059-86.059c9.373-9.373 9.373-24.569 0-33.941l-86.059-86.059c-15.119-15.119-40.971-4.411-40.971 16.971V216z\"><\/path><\/svg>\t\t\t<\/span>\n\t\t\t\t\t\t\t\t\t<span class=\"elementor-button-text\">Join our team<\/span>\n\t\t\t\t\t<\/span>\n\t\t\t\t\t<\/a>\n\t\t\t\t<\/div>\n\t\t\t\t\t\t\t\t<\/div>\n\t\t\t\t<\/div>\n\t\t\t\t<\/div>\n\t\t<div class=\"elementor-element elementor-element-d94ae0f e-con-full e-flex e-con e-child\" data-id=\"d94ae0f\" data-element_type=\"container\" data-e-type=\"container\">\n\t\t\t\t<div class=\"elementor-element elementor-element-25628ee elementor-widget elementor-widget-image\" data-id=\"25628ee\" data-element_type=\"widget\" data-e-type=\"widget\" data-widget_type=\"image.default\">\n\t\t\t\t<div class=\"elementor-widget-container\">\n\t\t\t\t\t\t\t\t\t\t\t\t\t\t\t<img decoding=\"async\" width=\"800\" height=\"534\" src=\"https:\/\/ecuriebelair.com\/wp-content\/uploads\/2022\/12\/OY_8302-1024x683.jpg\" class=\"attachment-large size-large wp-image-1057\" alt=\"\" srcset=\"https:\/\/ecuriebelair.com\/wp-content\/uploads\/2022\/12\/OY_8302-1024x683.jpg 1024w, https:\/\/ecuriebelair.com\/wp-content\/uploads\/2022\/12\/OY_8302-300x200.jpg 300w, https:\/\/ecuriebelair.com\/wp-content\/uploads\/2022\/12\/OY_8302-768x512.jpg 768w, https:\/\/ecuriebelair.com\/wp-content\/uploads\/2022\/12\/OY_8302-1536x1024.jpg 1536w, https:\/\/ecuriebelair.com\/wp-content\/uploads\/2022\/12\/OY_8302-2048x1365.jpg 2048w\" sizes=\"(max-width: 800px) 100vw, 800px\" \/>\t\t\t\t\t\t\t\t\t\t\t\t\t\t\t<\/div>\n\t\t\t\t<\/div>\n\t\t\t\t<div class=\"elementor-element elementor-element-c299dc7 elementor-widget elementor-widget-image\" data-id=\"c299dc7\" data-element_type=\"widget\" data-e-type=\"widget\" data-widget_type=\"image.default\">\n\t\t\t\t<div class=\"elementor-widget-container\">\n\t\t\t\t\t\t\t\t\t\t\t\t\t\t\t<img loading=\"lazy\" decoding=\"async\" width=\"800\" height=\"1200\" src=\"https:\/\/ecuriebelair.com\/wp-content\/uploads\/2022\/12\/OY_8866.webp\" class=\"attachment-full size-full wp-image-613\" alt=\"\" srcset=\"https:\/\/ecuriebelair.com\/wp-content\/uploads\/2022\/12\/OY_8866.webp 800w, https:\/\/ecuriebelair.com\/wp-content\/uploads\/2022\/12\/OY_8866-200x300.webp 200w, https:\/\/ecuriebelair.com\/wp-content\/uploads\/2022\/12\/OY_8866-683x1024.webp 683w, https:\/\/ecuriebelair.com\/wp-content\/uploads\/2022\/12\/OY_8866-768x1152.webp 768w\" sizes=\"(max-width: 800px) 100vw, 800px\" \/>\t\t\t\t\t\t\t\t\t\t\t\t\t\t\t<\/div>\n\t\t\t\t<\/div>\n\t\t\t\t<\/div>\n\t\t<div class=\"elementor-element elementor-element-7cec513 e-con-full e-flex e-con e-child\" data-id=\"7cec513\" data-element_type=\"container\" data-e-type=\"container\">\n\t\t\t\t<div class=\"elementor-element elementor-element-41dfbff elementor-widget elementor-widget-image\" data-id=\"41dfbff\" data-element_type=\"widget\" data-e-type=\"widget\" data-widget_type=\"image.default\">\n\t\t\t\t<div class=\"elementor-widget-container\">\n\t\t\t\t\t\t\t\t\t\t\t\t\t\t\t<img loading=\"lazy\" decoding=\"async\" width=\"800\" height=\"1200\" src=\"https:\/\/ecuriebelair.com\/wp-content\/uploads\/2022\/12\/OY_8505.webp\" class=\"attachment-full size-full wp-image-2826\" alt=\"\" srcset=\"https:\/\/ecuriebelair.com\/wp-content\/uploads\/2022\/12\/OY_8505.webp 800w, https:\/\/ecuriebelair.com\/wp-content\/uploads\/2022\/12\/OY_8505-200x300.webp 200w, https:\/\/ecuriebelair.com\/wp-content\/uploads\/2022\/12\/OY_8505-683x1024.webp 683w, https:\/\/ecuriebelair.com\/wp-content\/uploads\/2022\/12\/OY_8505-768x1152.webp 768w\" sizes=\"(max-width: 800px) 100vw, 800px\" \/>\t\t\t\t\t\t\t\t\t\t\t\t\t\t\t<\/div>\n\t\t\t\t<\/div>\n\t\t\t\t<div class=\"elementor-element elementor-element-04a44a7 elementor-widget elementor-widget-image\" data-id=\"04a44a7\" data-element_type=\"widget\" data-e-type=\"widget\" data-widget_type=\"image.default\">\n\t\t\t\t<div class=\"elementor-widget-container\">\n\t\t\t\t\t\t\t\t\t\t\t\t\t\t\t<img loading=\"lazy\" decoding=\"async\" width=\"800\" height=\"520\" src=\"https:\/\/ecuriebelair.com\/wp-content\/uploads\/2022\/12\/OY_8520-1024x665.jpg\" class=\"attachment-large size-large wp-image-1066\" alt=\"\" srcset=\"https:\/\/ecuriebelair.com\/wp-content\/uploads\/2022\/12\/OY_8520-1024x665.jpg 1024w, https:\/\/ecuriebelair.com\/wp-content\/uploads\/2022\/12\/OY_8520-300x195.jpg 300w, https:\/\/ecuriebelair.com\/wp-content\/uploads\/2022\/12\/OY_8520-768x499.jpg 768w, https:\/\/ecuriebelair.com\/wp-content\/uploads\/2022\/12\/OY_8520-1536x998.jpg 1536w, https:\/\/ecuriebelair.com\/wp-content\/uploads\/2022\/12\/OY_8520-2048x1330.jpg 2048w\" sizes=\"(max-width: 800px) 100vw, 800px\" \/>\t\t\t\t\t\t\t\t\t\t\t\t\t\t\t<\/div>\n\t\t\t\t<\/div>\n\t\t\t\t<\/div>\n\t\t\t\t\t<\/div>\n\t\t\t\t<\/div>\n\t\t\t\t<\/div>\n\t\t","protected":false},"excerpt":{"rendered":"<p>The first Paddock Paradise 5 minutes from Quebec City Airport. Redefining wellness through natural lifestyle. Come meet us Welcome to the stable of tomorrow. Located on the North Shore of Quebec City, \u00c9curie Bel-Air is transitioning toward an active boarding model inspired by Paddock Paradise. Our mission is simple: to offer an environment where horses [&hellip;]<\/p>\n","protected":false},"author":1,"featured_media":0,"parent":0,"menu_order":0,"comment_status":"closed","ping_status":"closed","template":"","meta":{"_acf_changed":false,"footnotes":""},"class_list":["post-1078","page","type-page","status-publish","hentry"],"acf":[],"_links":{"self":[{"href":"https:\/\/ecuriebelair.com\/en\/wp-json\/wp\/v2\/pages\/1078","targetHints":{"allow":["GET"]}}],"collection":[{"href":"https:\/\/ecuriebelair.com\/en\/wp-json\/wp\/v2\/pages"}],"about":[{"href":"https:\/\/ecuriebelair.com\/en\/wp-json\/wp\/v2\/types\/page"}],"author":[{"embeddable":true,"href":"https:\/\/ecuriebelair.com\/en\/wp-json\/wp\/v2\/users\/1"}],"replies":[{"embeddable":true,"href":"https:\/\/ecuriebelair.com\/en\/wp-json\/wp\/v2\/comments?post=1078"}],"version-history":[{"count":5,"href":"https:\/\/ecuriebelair.com\/en\/wp-json\/wp\/v2\/pages\/1078\/revisions"}],"predecessor-version":[{"id":2827,"href":"https:\/\/ecuriebelair.com\/en\/wp-json\/wp\/v2\/pages\/1078\/revisions\/2827"}],"wp:attachment":[{"href":"https:\/\/ecuriebelair.com\/en\/wp-json\/wp\/v2\/media?parent=1078"}],"curies":[{"name":"wp","href":"https:\/\/api.w.org\/{rel}","templated":true}]}}